{"id":17,"date":"2017-07-21T20:15:47","date_gmt":"2017-07-21T18:15:47","guid":{"rendered":"http:\/\/jmkict.cz\/?page_id=17"},"modified":"2020-05-27T07:47:12","modified_gmt":"2020-05-27T05:47:12","slug":"cinnosti-ktere-tvorime","status":"publish","type":"page","link":"https:\/\/jmkict.cz\/?page_id=17","title":{"rendered":"\u010cinnosti"},"content":{"rendered":"<h3 class=\"widget-title\"><strong>\u010cinnosti:<\/strong><\/h3>\n<p><strong>Spr\u00e1va po\u010d\u00edta\u010dov\u00fdch s\u00edt\u00ed:<\/strong><\/p>\n<ul>\n<li style=\"list-style-type: none;\">\n<ul>\n<li>Spr\u00e1va, n\u00e1vrh a realizace po\u010d\u00edta\u010dov\u00fdch s\u00edt\u00ed, zabezpe\u010den\u00ed kabelov\u00fdch i bezdr\u00e1tov\u00fdch s\u00edt\u00ed, centr\u00e1ln\u00ed spr\u00e1va antivirov\u00fdch \u0159e\u0161en\u00ed ESET, vzd\u00e1len\u00fd p\u0159\u00edstup, rodi\u010dovsk\u00e1 kontrola na za\u0159\u00edzen\u00edch<\/li>\n<\/ul>\n<\/li>\n<\/ul>\n<p><strong>Servis PC \/ NB:<\/strong><\/p>\n<ul>\n<li style=\"list-style-type: none;\">\n<ul>\n<li>Opravy po\u010d\u00edta\u010d\u016f a notebook\u016f, diagnostika, odvirov\u00e1n\u00ed, \u00fadr\u017eba a optimalizace opera\u010dn\u00edho syst\u00e9mu Windows, Mac-OS, z\u00e1lohov\u00e1n\u00ed dat<\/li>\n<\/ul>\n<\/li>\n<\/ul>\n<p><strong>Prodej v\u00fdpo\u010detn\u00ed, kancel\u00e1\u0159sk\u00e9 techniky a software:<\/strong><\/p>\n<ul>\n<li style=\"list-style-type: none;\">\n<ul>\n<li>Prodej PC, server\u016f, notebook\u016f, repasovan\u00e9 techniky, s\u00ed\u0165ov\u00fdch prvk\u016f, tisk\u00e1ren a kop\u00edrovac\u00edch stroj\u016f. Prodej software \u2013 opera\u010dn\u00ed syst\u00e9my a kancel\u00e1\u0159sk\u00fd software Microsoft, z\u00e1lohovac\u00ed software, antivirov\u00e9 \u0159e\u0161en\u00ed ESET<\/li>\n<\/ul>\n<\/li>\n<\/ul>\n<p><strong>Spr\u00e1va server\u016f:<\/strong><\/p>\n<ul>\n<li style=\"list-style-type: none;\">\n<ul>\n<li>Nasazen\u00ed a spr\u00e1va server\u016f Windows, Active Directory, Exchange, datab\u00e1zov\u00fdch server\u016f, virtualizace server\u016f, Linux<\/li>\n<\/ul>\n<\/li>\n<\/ul>\n<p><strong>Kamerov\u00e9 syst\u00e9my:<\/strong><\/p>\n<ul>\n<li style=\"list-style-type: none;\">\n<ul>\n<li>anal\u00fdza st\u00e1vaj\u00edc\u00edho stavu a n\u00e1vrh zabezpe\u010den\u00ed objektu<\/li>\n<li>realizace kamerov\u00fdch syst\u00e9m\u016f<\/li>\n<li>uk\u00e1zka a pro\u0161kolen\u00ed obsluhy<\/li>\n<\/ul>\n<\/li>\n<\/ul>\n<p><strong style=\"font-size: inherit;\">Zabezpe\u010dovac\u00ed syst\u00e9my:<\/strong><\/p>\n<ul>\n<li style=\"list-style-type: none;\">\n<ul>\n<li>anal\u00fdza st\u00e1vaj\u00edc\u00edho stavu a n\u00e1vrh zabezpe\u010den\u00ed objektu<\/li>\n<li>realizace EZS Jablotron<\/li>\n<li>pro\u0161kolen\u00ed obsluhy<\/li>\n<\/ul>\n<\/li>\n<\/ul>\n<p><b>Vlastn\u00ed v\u00fdvoj aplikac\u00ed a webov\u00fdch prezentac\u00ed:<\/b><\/p>\n<ul>\n<li style=\"list-style-type: none;\">\n<ul>\n<li>anal\u00fdza st\u00e1vaj\u00edc\u00edho stavu<\/li>\n<li>n\u00e1vrh<\/li>\n<li>realizace<\/li>\n<li>uk\u00e1zka a pro\u0161kolen\u00ed<\/li>\n<\/ul>\n<\/li>\n<\/ul>\n\n\n<div class=\"is-layout-flow wp-block-group\"><div class=\"wp-block-group__inner-container\">\n<div class=\"is-layout-flow wp-block-group\"><div class=\"wp-block-group__inner-container\">\n<div class=\"is-layout-flow wp-block-group\"><div class=\"wp-block-group__inner-container\">\n<figure class=\"is-layout-flex wp-block-gallery-1 wp-block-gallery columns-1 is-cropped\"><ul class=\"blocks-gallery-grid\"><li class=\"blocks-gallery-item\"><figure><img decoding=\"async\" loading=\"lazy\" width=\"1240\" height=\"869\" src=\"http:\/\/jmkict.cz\/wp-content\/uploads\/2020\/05\/cert.jpg\" alt=\"\" data-id=\"346\" class=\"wp-image-346\" srcset=\"https:\/\/jmkict.cz\/wp-content\/uploads\/2020\/05\/cert.jpg 1240w, https:\/\/jmkict.cz\/wp-content\/uploads\/2020\/05\/cert-300x210.jpg 300w, https:\/\/jmkict.cz\/wp-content\/uploads\/2020\/05\/cert-1024x718.jpg 1024w, https:\/\/jmkict.cz\/wp-content\/uploads\/2020\/05\/cert-768x538.jpg 768w\" sizes=\"(max-width: 1240px) 100vw, 1240px\" \/><\/figure><\/li><li class=\"blocks-gallery-item\"><figure><img decoding=\"async\" loading=\"lazy\" width=\"709\" height=\"967\" src=\"http:\/\/jmkict.cz\/wp-content\/uploads\/2020\/05\/100062080_246999339724543_1214455793114415104_n-6.jpg\" alt=\"\" data-id=\"369\" data-full-url=\"http:\/\/jmkict.cz\/wp-content\/uploads\/2020\/05\/100062080_246999339724543_1214455793114415104_n-6.jpg\" data-link=\"http:\/\/jmkict.cz\/?attachment_id=369\" class=\"wp-image-369\" srcset=\"https:\/\/jmkict.cz\/wp-content\/uploads\/2020\/05\/100062080_246999339724543_1214455793114415104_n-6.jpg 709w, https:\/\/jmkict.cz\/wp-content\/uploads\/2020\/05\/100062080_246999339724543_1214455793114415104_n-6-220x300.jpg 220w\" sizes=\"(max-width: 709px) 100vw, 709px\" \/><\/figure><\/li><\/ul><\/figure>\n<\/div><\/div>\n<\/div><\/div>\n<\/div><\/div>\n\n\n\n<div class=\"is-layout-flow wp-block-group\"><div class=\"wp-block-group__inner-container\">\n<div class=\"is-layout-flow wp-block-group\"><div class=\"wp-block-group__inner-container\"><\/div><\/div>\n<\/div><\/div>\n","protected":false},"excerpt":{"rendered":"<p>\u010cinnosti: Spr\u00e1va po\u010d\u00edta\u010dov\u00fdch s\u00edt\u00ed: Spr\u00e1va, n\u00e1vrh a realizace po\u010d\u00edta\u010dov\u00fdch s\u00edt\u00ed, zabezpe\u010den\u00ed kabelov\u00fdch i bezdr\u00e1tov\u00fdch s\u00edt\u00ed, centr\u00e1ln\u00ed spr\u00e1va antivirov\u00fdch \u0159e\u0161en\u00ed ESET, vzd\u00e1len\u00fd p\u0159\u00edstup, rodi\u010dovsk\u00e1 kontrola na za\u0159\u00edzen\u00edch Servis PC \/ NB: Opravy po\u010d\u00edta\u010d\u016f a notebook\u016f, diagnostika, odvirov\u00e1n\u00ed, \u00fadr\u017eba a optimalizace opera\u010dn\u00edho syst\u00e9mu Windows, Mac-OS, z\u00e1lohov\u00e1n\u00ed dat Prodej v\u00fdpo\u010detn\u00ed, kancel\u00e1\u0159sk\u00e9 techniky a software: Prodej PC, server\u016f, notebook\u016f,<a class=\"moretag\" href=\"https:\/\/jmkict.cz\/?page_id=17\"><span class=\"screen-reader-text\">P\u0159e\u010dt\u011bte si v\u00edce o \u010cinnosti<\/span>[&#8230;]<\/a><\/p>\n","protected":false},"author":1,"featured_media":0,"parent":0,"menu_order":3,"comment_status":"closed","ping_status":"closed","template":"","meta":[],"_links":{"self":[{"href":"https:\/\/jmkict.cz\/index.php?rest_route=\/wp\/v2\/pages\/17"}],"collection":[{"href":"https:\/\/jmkict.cz\/index.php?rest_route=\/wp\/v2\/pages"}],"about":[{"href":"https:\/\/jmkict.cz\/index.php?rest_route=\/wp\/v2\/types\/page"}],"author":[{"embeddable":true,"href":"https:\/\/jmkict.cz\/index.php?rest_route=\/wp\/v2\/users\/1"}],"replies":[{"embeddable":true,"href":"https:\/\/jmkict.cz\/index.php?rest_route=%2Fwp%2Fv2%2Fcomments&post=17"}],"version-history":[{"count":49,"href":"https:\/\/jmkict.cz\/index.php?rest_route=\/wp\/v2\/pages\/17\/revisions"}],"predecessor-version":[{"id":376,"href":"https:\/\/jmkict.cz\/index.php?rest_route=\/wp\/v2\/pages\/17\/revisions\/376"}],"wp:attachment":[{"href":"https:\/\/jmkict.cz\/index.php?rest_route=%2Fwp%2Fv2%2Fmedia&parent=17"}],"curies":[{"name":"wp","href":"https:\/\/api.w.org\/{rel}","templated":true}]}}